{"id":21328,"date":"2020-02-24T10:14:41","date_gmt":"2020-02-24T14:14:41","guid":{"rendered":"https:\/\/www.ecopark.com.br\/site\/?post_type=product&#038;p=21328"},"modified":"2020-02-24T10:15:43","modified_gmt":"2020-02-24T14:15:43","slug":"passaporte-anual-familia-23","status":"publish","type":"product","link":"https:\/\/www.ecopark.com.br\/site\/product\/passaporte-anual-familia-23\/","title":{"rendered":"Passaporte Anual -Completo + (23)"},"content":{"rendered":"<h3>ESPECIFICA\u00c7\u00d5ES<\/h3>\n<p>T\u00edtulo tem valor por 01 ano.<br \/>\nTITULAR + 2 Dependentes<br \/>\n\u2022 Dependentes a crit\u00e9rio do associado<\/p>\n<h3>DIREITOS e VANTAGENS<\/h3>\n<p>Acesso livre ao Parque Aqu\u00e1tico o ano todo;<br \/>\n50% de desconto nas hospedagens;<br \/>\n10% de desconto na loca\u00e7\u00e3o de sal\u00e3o de eventos para anivers\u00e1rios, casamentos, formaturas, etc;<br \/>\nIsen\u00e7\u00e3o para a entrada de convidados, desde que estes estejam acompanhados do respectivo titular ou dependente;<br \/>\nDependente n\u00e3o precisa estar acompanhado do titular;<br \/>\nConvidados n\u00e3o t\u00eam direito ao desconto de hospedagem.<br \/>\nManuten\u00e7\u00e3o \u00e9 corrigida anualmente pelo IGPM.<\/p>\n","protected":false},"excerpt":{"rendered":"<p>ESPECIFICA\u00c7\u00d5ES T\u00edtulo tem valor por 01 ano. TITULAR + 2 Dependentes \u2022 Dependentes a crit\u00e9rio do associado DIREITOS e VANTAGENS Acesso livre ao Parque Aqu\u00e1tico o ano todo; 50% de desconto nas hospedagens; 10% de desconto na loca\u00e7\u00e3o de sal\u00e3o de eventos para anivers\u00e1rios, casamentos, formaturas, etc; Isen\u00e7\u00e3o para a entrada de convidados, desde que [&hellip;]<\/p>\n","protected":false},"featured_media":3333,"template":"","meta":[],"product_cat":[15],"product_tag":[],"class_list":{"0":"post-21328","1":"product","2":"type-product","3":"status-publish","4":"has-post-thumbnail","6":"product_cat-sem-categoria","8":"first","9":"instock","10":"virtual","11":"sold-individually","12":"purchasable","13":"product-type-subscription"},"_links":{"self":[{"href":"https:\/\/www.ecopark.com.br\/site\/wp-json\/wp\/v2\/product\/21328"}],"collection":[{"href":"https:\/\/www.ecopark.com.br\/site\/wp-json\/wp\/v2\/product"}],"about":[{"href":"https:\/\/www.ecopark.com.br\/site\/wp-json\/wp\/v2\/types\/product"}],"wp:featuredmedia":[{"embeddable":true,"href":"https:\/\/www.ecopark.com.br\/site\/wp-json\/wp\/v2\/media\/3333"}],"wp:attachment":[{"href":"https:\/\/www.ecopark.com.br\/site\/wp-json\/wp\/v2\/media?parent=21328"}],"wp:term":[{"taxonomy":"product_cat","embeddable":true,"href":"https:\/\/www.ecopark.com.br\/site\/wp-json\/wp\/v2\/product_cat?post=21328"},{"taxonomy":"product_tag","embeddable":true,"href":"https:\/\/www.ecopark.com.br\/site\/wp-json\/wp\/v2\/product_tag?post=21328"}],"curies":[{"name":"wp","href":"https:\/\/api.w.org\/{rel}","templated":true}]}}